{"id":25056,"date":"2017-06-19T05:41:37","date_gmt":"2017-06-19T03:41:37","guid":{"rendered":"http:\/\/kroll-consulting.de\/?page_id=25056"},"modified":"2025-09-23T14:22:12","modified_gmt":"2025-09-23T12:22:12","slug":"home","status":"publish","type":"page","link":"https:\/\/kroll-consulting.de\/","title":{"rendered":"KROLL Consulting AG"},"content":{"rendered":"\n<figure class=\"wp-block-image alignright size-full is-resized\"><img loading=\"lazy\" decoding=\"async\" width=\"512\" height=\"512\" src=\"http:\/\/kroll-consulting.de\/wp-content\/uploads\/2020\/11\/cropped-kroll_logo-1-e1604657513726.jpg\" alt=\"\" class=\"wp-image-783\" style=\"width:50px;height:auto\" srcset=\"https:\/\/kroll-consulting.de\/wp-content\/uploads\/2020\/11\/cropped-kroll_logo-1-e1604657513726.jpg 512w, https:\/\/kroll-consulting.de\/wp-content\/uploads\/2020\/11\/cropped-kroll_logo-1-e1604657513726-300x300.jpg 300w, https:\/\/kroll-consulting.de\/wp-content\/uploads\/2020\/11\/cropped-kroll_logo-1-e1604657513726-150x150.jpg 150w, https:\/\/kroll-consulting.de\/wp-content\/uploads\/2020\/11\/cropped-kroll_logo-1-e1604657513726-270x270.jpg 270w, https:\/\/kroll-consulting.de\/wp-content\/uploads\/2020\/11\/cropped-kroll_logo-1-e1604657513726-192x192.jpg 192w, https:\/\/kroll-consulting.de\/wp-content\/uploads\/2020\/11\/cropped-kroll_logo-1-e1604657513726-180x180.jpg 180w, https:\/\/kroll-consulting.de\/wp-content\/uploads\/2020\/11\/cropped-kroll_logo-1-e1604657513726-32x32.jpg 32w\" sizes=\"auto, (max-width: 512px) 100vw, 512px\" \/><\/figure>\n\n\n\n<h2 class=\"wp-block-heading\">KROLL Consulting AG<\/h2>\n\n\n\n<p><\/p>\n\n\n\n<p><strong>Unternehmenszweck<\/strong><br>Die KROLL Consulting AG ist eine Finanzholding.<br>Sie verwaltet ausschlie\u00dflich eigene Beteiligungen und Pensionsr\u00fccklagen.<br>Es werden keine Dienstleistungen oder Produkte f\u00fcr Dritte angeboten.<\/p>\n\n\n\n<p class=\"has-base-background-color has-background\"><strong>Hinweis<\/strong><br>Die Gesellschaft steht nicht f\u00fcr externe Beratungs- oder Gesch\u00e4ftsanfragen zur Verf\u00fcgung.<\/p>\n\n\n\n<p><\/p>\n","protected":false},"excerpt":{"rendered":"<p>KROLL Consulting AG UnternehmenszweckDie KROLL Consulting AG ist eine Finanzholding.Sie verwaltet ausschlie\u00dflich eigene Beteiligungen und Pensionsr\u00fccklagen.Es werden keine Dienstleistungen oder Produkte f\u00fcr Dritte angeboten. HinweisDie Gesellschaft steht nicht f\u00fcr externe Beratungs- oder Gesch\u00e4ftsanfragen zur Verf\u00fcgung.<\/p>\n","protected":false},"author":1,"featured_media":0,"parent":0,"menu_order":0,"comment_status":"closed","ping_status":"closed","template":"page-no-title","meta":{"footnotes":""},"class_list":["post-25056","page","type-page","status-publish","hentry"],"_links":{"self":[{"href":"https:\/\/kroll-consulting.de\/index.php?rest_route=\/wp\/v2\/pages\/25056","targetHints":{"allow":["GET"]}}],"collection":[{"href":"https:\/\/kroll-consulting.de\/index.php?rest_route=\/wp\/v2\/pages"}],"about":[{"href":"https:\/\/kroll-consulting.de\/index.php?rest_route=\/wp\/v2\/types\/page"}],"author":[{"embeddable":true,"href":"https:\/\/kroll-consulting.de\/index.php?rest_route=\/wp\/v2\/users\/1"}],"replies":[{"embeddable":true,"href":"https:\/\/kroll-consulting.de\/index.php?rest_route=%2Fwp%2Fv2%2Fcomments&post=25056"}],"version-history":[{"count":181,"href":"https:\/\/kroll-consulting.de\/index.php?rest_route=\/wp\/v2\/pages\/25056\/revisions"}],"predecessor-version":[{"id":25752,"href":"https:\/\/kroll-consulting.de\/index.php?rest_route=\/wp\/v2\/pages\/25056\/revisions\/25752"}],"wp:attachment":[{"href":"https:\/\/kroll-consulting.de\/index.php?rest_route=%2Fwp%2Fv2%2Fmedia&parent=25056"}],"curies":[{"name":"wp","href":"https:\/\/api.w.org\/{rel}","templated":true}]}}